{"id":10,"date":"2022-03-26T20:16:16","date_gmt":"2022-03-26T20:16:16","guid":{"rendered":"https:\/\/fizza.cz\/?page_id=10"},"modified":"2022-03-29T20:44:20","modified_gmt":"2022-03-29T20:44:20","slug":"priprava-pizzy","status":"publish","type":"page","link":"https:\/\/fizza.cz\/en\/priprava-pizzy\/","title":{"rendered":"P\u0159\u00edprava pizzy"},"content":{"rendered":"<div data-elementor-type=\"wp-page\" data-elementor-id=\"10\" class=\"elementor elementor-10\">\n\t\t\t\t\t\t<section class=\"elementor-section elementor-top-section elementor-element elementor-element-765aaf5 elementor-section-full_width elementor-section-height-default elementor-section-height-default\" data-id=\"765aaf5\" data-element_type=\"section\" data-settings=\"{&quot;background_background&quot;:&quot;classic&quot;,&quot;shape_divider_bottom&quot;:&quot;arrow&quot;}\">\n\t\t\t\t\t<div class=\"elementor-shape elementor-shape-bottom\" data-negative=\"false\">\n\t\t\t<svg xmlns=\"http:\/\/www.w3.org\/2000\/svg\" viewbox=\"0 0 700 10\" preserveaspectratio=\"none\">\n\t<path class=\"elementor-shape-fill\" d=\"M350,10L340,0h20L350,10z\"\/>\n<\/svg>\t\t<\/div>\n\t\t\t\t\t<div class=\"elementor-container elementor-column-gap-default\">\n\t\t\t\t\t<div class=\"elementor-column elementor-col-100 elementor-top-column elementor-element elementor-element-e96a485\" data-id=\"e96a485\" data-element_type=\"column\">\n\t\t\t<div class=\"elementor-widget-wrap\">\n\t\t\t\t\t\t\t<\/div>\n\t\t<\/div>\n\t\t\t\t\t<\/div>\n\t\t<\/section>\n\t\t\t\t<section class=\"elementor-section elementor-top-section elementor-element elementor-element-7569805 elementor-section-boxed elementor-section-height-default elementor-section-height-default\" data-id=\"7569805\" data-element_type=\"section\">\n\t\t\t\t\t\t<div class=\"elementor-container elementor-column-gap-default\">\n\t\t\t\t\t<div class=\"elementor-column elementor-col-50 elementor-top-column elementor-element elementor-element-63ae2ff\" data-id=\"63ae2ff\" data-element_type=\"column\">\n\t\t\t<div class=\"elementor-widget-wrap elementor-element-populated\">\n\t\t\t\t\t\t<div class=\"elementor-element elementor-element-c62ba14 elementor-widget elementor-widget-spacer\" data-id=\"c62ba14\" data-element_type=\"widget\" data-widget_type=\"spacer.default\">\n\t\t\t\t<div class=\"elementor-widget-container\">\n\t\t\t\t\t\t\t<div class=\"elementor-spacer\">\n\t\t\t<div class=\"elementor-spacer-inner\"><\/div>\n\t\t<\/div>\n\t\t\t\t\t\t<\/div>\n\t\t\t\t<\/div>\n\t\t\t\t<div class=\"elementor-element elementor-element-e6cdfcd elementor-widget elementor-widget-heading\" data-id=\"e6cdfcd\" data-element_type=\"widget\" data-widget_type=\"heading.default\">\n\t\t\t\t<div class=\"elementor-widget-container\">\n\t\t\t\t\t<h2 class=\"elementor-heading-title elementor-size-default\">P\u0159\u00edprava<\/h2>\t\t\t\t<\/div>\n\t\t\t\t<\/div>\n\t\t\t\t<div class=\"elementor-element elementor-element-7e78268 elementor-widget elementor-widget-text-editor\" data-id=\"7e78268\" data-element_type=\"widget\" data-widget_type=\"text-editor.default\">\n\t\t\t\t<div class=\"elementor-widget-container\">\n\t\t\t\t\t\t\t\t\t<p>Na\u0161e pizzy jsou p\u0159ipravov\u00e1ny v tradi\u010dn\u00edm stylu v pizza kuchyni z vysoce kvalitn\u00edch surovin a dod\u00e1v\u00e1ny p\u0159\u00edmo do na\u0161ich stroj\u016f.<\/p>\t\t\t\t\t\t\t\t<\/div>\n\t\t\t\t<\/div>\n\t\t\t\t\t<\/div>\n\t\t<\/div>\n\t\t\t\t<div class=\"elementor-column elementor-col-50 elementor-top-column elementor-element elementor-element-9470cf0\" data-id=\"9470cf0\" data-element_type=\"column\">\n\t\t\t<div class=\"elementor-widget-wrap elementor-element-populated\">\n\t\t\t\t\t\t<div class=\"elementor-element elementor-element-6cfe653 elementor-widget elementor-widget-image\" data-id=\"6cfe653\" data-element_type=\"widget\" data-widget_type=\"image.default\">\n\t\t\t\t<div class=\"elementor-widget-container\">\n\t\t\t\t\t\t\t\t\t\t\t\t\t\t\t<img decoding=\"async\" src=\"https:\/\/fizza.cz\/wp-content\/uploads\/elementor\/thumbs\/AdobeStock_266911783-1-scaled-pmjrbelz80xe5tofgbho1gbss4he8mzz7itq8hr928.jpeg\" title=\"Italian pizza inside a wood oven\" alt=\"Italian pizza inside a wood oven.\" loading=\"lazy\" \/>\t\t\t\t\t\t\t\t\t\t\t\t\t\t\t<\/div>\n\t\t\t\t<\/div>\n\t\t\t\t\t<\/div>\n\t\t<\/div>\n\t\t\t\t\t<\/div>\n\t\t<\/section>\n\t\t\t\t<section class=\"elementor-section elementor-top-section elementor-element elementor-element-4c41510b elementor-section-content-top elementor-section-boxed elementor-section-height-default elementor-section-height-default\" data-id=\"4c41510b\" data-element_type=\"section\" data-settings=\"{&quot;background_background&quot;:&quot;classic&quot;}\">\n\t\t\t\t\t\t<div class=\"elementor-container elementor-column-gap-default\">\n\t\t\t\t\t<div class=\"elementor-column elementor-col-25 elementor-top-column elementor-element elementor-element-7a44ed8\" data-id=\"7a44ed8\" data-element_type=\"column\">\n\t\t\t<div class=\"elementor-widget-wrap elementor-element-populated\">\n\t\t\t\t\t\t<div class=\"elementor-element elementor-element-4a516994 elementor-widget elementor-widget-image\" data-id=\"4a516994\" data-element_type=\"widget\" data-widget_type=\"image.default\">\n\t\t\t\t<div class=\"elementor-widget-container\">\n\t\t\t\t\t\t\t\t\t\t\t\t\t\t\t<img fetchpriority=\"high\" decoding=\"async\" width=\"751\" height=\"206\" src=\"https:\/\/fizza.cz\/wp-content\/uploads\/2022\/03\/cropped-Fizza-logo-Design-01.png\" class=\"attachment-large size-large wp-image-53\" alt=\"\" srcset=\"https:\/\/fizza.cz\/wp-content\/uploads\/2022\/03\/cropped-Fizza-logo-Design-01.png 751w, https:\/\/fizza.cz\/wp-content\/uploads\/2022\/03\/cropped-Fizza-logo-Design-01-300x82.png 300w\" sizes=\"(max-width: 751px) 100vw, 751px\" \/>\t\t\t\t\t\t\t\t\t\t\t\t\t\t\t<\/div>\n\t\t\t\t<\/div>\n\t\t\t\t<div class=\"elementor-element elementor-element-735abfed elementor-widget elementor-widget-heading\" data-id=\"735abfed\" data-element_type=\"widget\" data-widget_type=\"heading.default\">\n\t\t\t\t<div class=\"elementor-widget-container\">\n\t\t\t\t\t<h5 class=\"elementor-heading-title elementor-size-default\">Website Slogan<\/h5>\t\t\t\t<\/div>\n\t\t\t\t<\/div>\n\t\t\t\t\t<\/div>\n\t\t<\/div>\n\t\t\t\t<div class=\"elementor-column elementor-col-25 elementor-top-column elementor-element elementor-element-58a4963a\" data-id=\"58a4963a\" data-element_type=\"column\">\n\t\t\t<div class=\"elementor-widget-wrap elementor-element-populated\">\n\t\t\t\t\t\t<div class=\"elementor-element elementor-element-77fbb854 elementor-widget elementor-widget-heading\" data-id=\"77fbb854\" data-element_type=\"widget\" data-widget_type=\"heading.default\">\n\t\t\t\t<div class=\"elementor-widget-container\">\n\t\t\t\t\t<h2 class=\"elementor-heading-title elementor-size-default\">Fizza.cz<\/h2>\t\t\t\t<\/div>\n\t\t\t\t<\/div>\n\t\t\t\t<div class=\"elementor-element elementor-element-4e28584e elementor-icon-list--layout-inline elementor-mobile-align-center elementor-list-item-link-full_width elementor-widget elementor-widget-icon-list\" data-id=\"4e28584e\" data-element_type=\"widget\" data-widget_type=\"icon-list.default\">\n\t\t\t\t<div class=\"elementor-widget-container\">\n\t\t\t\t\t\t\t<ul class=\"elementor-icon-list-items elementor-inline-items\">\n\t\t\t\t\t\t\t<li class=\"elementor-icon-list-item elementor-inline-item\">\n\t\t\t\t\t\t\t\t\t\t\t<a href=\"https:\/\/fizza.cz\/en\/\">\n\n\t\t\t\t\t\t\t\t\t\t\t<span class=\"elementor-icon-list-text\">Home<\/span>\n\t\t\t\t\t\t\t\t\t\t\t<\/a>\n\t\t\t\t\t\t\t\t\t<\/li>\n\t\t\t\t\t\t\t\t<li class=\"elementor-icon-list-item elementor-inline-item\">\n\t\t\t\t\t\t\t\t\t\t\t<a href=\"#\">\n\n\t\t\t\t\t\t\t\t\t\t\t<span class=\"elementor-icon-list-text\">About<\/span>\n\t\t\t\t\t\t\t\t\t\t\t<\/a>\n\t\t\t\t\t\t\t\t\t<\/li>\n\t\t\t\t\t\t\t\t<li class=\"elementor-icon-list-item elementor-inline-item\">\n\t\t\t\t\t\t\t\t\t\t\t<a href=\"#\">\n\n\t\t\t\t\t\t\t\t\t\t\t<span class=\"elementor-icon-list-text\">Services<\/span>\n\t\t\t\t\t\t\t\t\t\t\t<\/a>\n\t\t\t\t\t\t\t\t\t<\/li>\n\t\t\t\t\t\t\t\t<li class=\"elementor-icon-list-item elementor-inline-item\">\n\t\t\t\t\t\t\t\t\t\t\t<a href=\"#\">\n\n\t\t\t\t\t\t\t\t\t\t\t<span class=\"elementor-icon-list-text\">Work<\/span>\n\t\t\t\t\t\t\t\t\t\t\t<\/a>\n\t\t\t\t\t\t\t\t\t<\/li>\n\t\t\t\t\t\t\t\t<li class=\"elementor-icon-list-item elementor-inline-item\">\n\t\t\t\t\t\t\t\t\t\t\t<a href=\"#\">\n\n\t\t\t\t\t\t\t\t\t\t\t<span class=\"elementor-icon-list-text\">Contact<\/span>\n\t\t\t\t\t\t\t\t\t\t\t<\/a>\n\t\t\t\t\t\t\t\t\t<\/li>\n\t\t\t\t\t\t<\/ul>\n\t\t\t\t\t\t<\/div>\n\t\t\t\t<\/div>\n\t\t\t\t\t<\/div>\n\t\t<\/div>\n\t\t\t\t<div class=\"elementor-column elementor-col-25 elementor-top-column elementor-element elementor-element-4828cfb8\" data-id=\"4828cfb8\" data-element_type=\"column\">\n\t\t\t<div class=\"elementor-widget-wrap elementor-element-populated\">\n\t\t\t\t\t\t<div class=\"elementor-element elementor-element-62f16d36 elementor-widget elementor-widget-heading\" data-id=\"62f16d36\" data-element_type=\"widget\" data-widget_type=\"heading.default\">\n\t\t\t\t<div class=\"elementor-widget-container\">\n\t\t\t\t\t<h2 class=\"elementor-heading-title elementor-size-default\">Contact<\/h2>\t\t\t\t<\/div>\n\t\t\t\t<\/div>\n\t\t\t\t<div class=\"elementor-element elementor-element-72ffea3b elementor-widget elementor-widget-text-editor\" data-id=\"72ffea3b\" data-element_type=\"widget\" data-widget_type=\"text-editor.default\">\n\t\t\t\t<div class=\"elementor-widget-container\">\n\t\t\t\t\t\t\t\t\t<p>Adresa<br \/>telefon<br \/>mail<\/p>\t\t\t\t\t\t\t\t<\/div>\n\t\t\t\t<\/div>\n\t\t\t\t\t<\/div>\n\t\t<\/div>\n\t\t\t\t<div class=\"elementor-column elementor-col-25 elementor-top-column elementor-element elementor-element-58e5cfe6\" data-id=\"58e5cfe6\" data-element_type=\"column\">\n\t\t\t<div class=\"elementor-widget-wrap elementor-element-populated\">\n\t\t\t\t\t\t<div class=\"elementor-element elementor-element-1c22971f elementor-widget elementor-widget-heading\" data-id=\"1c22971f\" data-element_type=\"widget\" data-widget_type=\"heading.default\">\n\t\t\t\t<div class=\"elementor-widget-container\">\n\t\t\t\t\t<h2 class=\"elementor-heading-title elementor-size-default\">Stay with us <\/h2>\t\t\t\t<\/div>\n\t\t\t\t<\/div>\n\t\t\t\t<div class=\"elementor-element elementor-element-3e38c881 e-grid-align-mobile-center elementor-shape-rounded elementor-grid-0 elementor-widget elementor-widget-social-icons\" data-id=\"3e38c881\" data-element_type=\"widget\" data-widget_type=\"social-icons.default\">\n\t\t\t\t<div class=\"elementor-widget-container\">\n\t\t\t\t\t\t\t<div class=\"elementor-social-icons-wrapper elementor-grid\">\n\t\t\t\t\t\t\t<span class=\"elementor-grid-item\">\n\t\t\t\t\t<a class=\"elementor-icon elementor-social-icon elementor-social-icon-facebook-f elementor-animation-float elementor-repeater-item-b0a5f71\" target=\"_blank\">\n\t\t\t\t\t\t<span class=\"elementor-screen-only\">Facebook-f<\/span>\n\t\t\t\t\t\t<i class=\"fab fa-facebook-f\"><\/i>\t\t\t\t\t<\/a>\n\t\t\t\t<\/span>\n\t\t\t\t\t\t\t<span class=\"elementor-grid-item\">\n\t\t\t\t\t<a class=\"elementor-icon elementor-social-icon elementor-social-icon-twitter elementor-animation-float elementor-repeater-item-c6063b8\" target=\"_blank\">\n\t\t\t\t\t\t<span class=\"elementor-screen-only\">Twitter<\/span>\n\t\t\t\t\t\t<i class=\"fab fa-twitter\"><\/i>\t\t\t\t\t<\/a>\n\t\t\t\t<\/span>\n\t\t\t\t\t\t\t<span class=\"elementor-grid-item\">\n\t\t\t\t\t<a class=\"elementor-icon elementor-social-icon elementor-social-icon-google-plus-g elementor-animation-float elementor-repeater-item-5a0f568\" target=\"_blank\">\n\t\t\t\t\t\t<span class=\"elementor-screen-only\">Google-plus-g<\/span>\n\t\t\t\t\t\t<i class=\"fab fa-google-plus-g\"><\/i>\t\t\t\t\t<\/a>\n\t\t\t\t<\/span>\n\t\t\t\t\t\t\t<span class=\"elementor-grid-item\">\n\t\t\t\t\t<a class=\"elementor-icon elementor-social-icon elementor-social-icon-pinterest elementor-animation-float elementor-repeater-item-6bd7414\" target=\"_blank\">\n\t\t\t\t\t\t<span class=\"elementor-screen-only\">Pinterest<\/span>\n\t\t\t\t\t\t<i class=\"fab fa-pinterest\"><\/i>\t\t\t\t\t<\/a>\n\t\t\t\t<\/span>\n\t\t\t\t\t\t\t<span class=\"elementor-grid-item\">\n\t\t\t\t\t<a class=\"elementor-icon elementor-social-icon elementor-social-icon-instagram elementor-animation-float elementor-repeater-item-b39c128\" target=\"_blank\">\n\t\t\t\t\t\t<span class=\"elementor-screen-only\">Instagram<\/span>\n\t\t\t\t\t\t<i class=\"fab fa-instagram\"><\/i>\t\t\t\t\t<\/a>\n\t\t\t\t<\/span>\n\t\t\t\t\t\t\t<span class=\"elementor-grid-item\">\n\t\t\t\t\t<a class=\"elementor-icon elementor-social-icon elementor-social-icon-envelope elementor-animation-float elementor-repeater-item-ec877e9\" target=\"_blank\">\n\t\t\t\t\t\t<span class=\"elementor-screen-only\">Envelope<\/span>\n\t\t\t\t\t\t<i class=\"fas fa-envelope\"><\/i>\t\t\t\t\t<\/a>\n\t\t\t\t<\/span>\n\t\t\t\t\t<\/div>\n\t\t\t\t\t\t<\/div>\n\t\t\t\t<\/div>\n\t\t\t\t\t<\/div>\n\t\t<\/div>\n\t\t\t\t\t<\/div>\n\t\t<\/section>\n\t\t\t\t<\/div>","protected":false},"excerpt":{"rendered":"<p>P\u0159\u00edprava Na\u0161e pizzy jsou p\u0159ipravov\u00e1ny v tradi\u010dn\u00edm stylu v pizza kuchyni z vysoce kvalitn\u00edch surovin a dod\u00e1v\u00e1ny p\u0159\u00edmo do na\u0161ich stroj\u016f. Website Slogan Fizza.cz Dom\u016f About Services Work Contact Kontakt Adresatelefonmail Z\u016fsta\u0148te se s n\u00e1mi Facebook-f Twitter Google-plus-g Pinterest Instagram Envelope<\/p>","protected":false},"author":1,"featured_media":0,"parent":0,"menu_order":0,"comment_status":"closed","ping_status":"closed","template":"","meta":{"ocean_post_layout":"full-screen","ocean_both_sidebars_style":"","ocean_both_sidebars_content_width":0,"ocean_both_sidebars_sidebars_width":0,"ocean_sidebar":"0","ocean_second_sidebar":"0","ocean_disable_margins":"enable","ocean_add_body_class":"","ocean_shortcode_before_top_bar":"","ocean_shortcode_after_top_bar":"","ocean_shortcode_before_header":"","ocean_shortcode_after_header":"","ocean_has_shortcode":"","ocean_shortcode_after_title":"","ocean_shortcode_before_footer_widgets":"","ocean_shortcode_after_footer_widgets":"","ocean_shortcode_before_footer_bottom":"","ocean_shortcode_after_footer_bottom":"","ocean_display_top_bar":"off","ocean_display_header":"default","ocean_header_style":"","ocean_center_header_left_menu":"0","ocean_custom_header_template":"0","ocean_custom_logo":0,"ocean_custom_retina_logo":0,"ocean_custom_logo_max_width":0,"ocean_custom_logo_tablet_max_width":0,"ocean_custom_logo_mobile_max_width":0,"ocean_custom_logo_max_height":0,"ocean_custom_logo_tablet_max_height":0,"ocean_custom_logo_mobile_max_height":0,"ocean_header_custom_menu":"0","ocean_menu_typo_font_family":"0","ocean_menu_typo_font_subset":"","ocean_menu_typo_font_size":0,"ocean_menu_typo_font_size_tablet":0,"ocean_menu_typo_font_size_mobile":0,"ocean_menu_typo_font_size_unit":"px","ocean_menu_typo_font_weight":"","ocean_menu_typo_font_weight_tablet":"","ocean_menu_typo_font_weight_mobile":"","ocean_menu_typo_transform":"","ocean_menu_typo_transform_tablet":"","ocean_menu_typo_transform_mobile":"","ocean_menu_typo_line_height":0,"ocean_menu_typo_line_height_tablet":0,"ocean_menu_typo_line_height_mobile":0,"ocean_menu_typo_line_height_unit":"","ocean_menu_typo_spacing":0,"ocean_menu_typo_spacing_tablet":0,"ocean_menu_typo_spacing_mobile":0,"ocean_menu_typo_spacing_unit":"","ocean_menu_link_color":"","ocean_menu_link_color_hover":"","ocean_menu_link_color_active":"","ocean_menu_link_background":"","ocean_menu_link_hover_background":"","ocean_menu_link_active_background":"","ocean_menu_social_links_bg":"","ocean_menu_social_hover_links_bg":"","ocean_menu_social_links_color":"","ocean_menu_social_hover_links_color":"","ocean_disable_title":"on","ocean_disable_heading":"default","ocean_post_title":"","ocean_post_subheading":"","ocean_post_title_style":"","ocean_post_title_background_color":"","ocean_post_title_background":0,"ocean_post_title_bg_image_position":"","ocean_post_title_bg_image_attachment":"","ocean_post_title_bg_image_repeat":"","ocean_post_title_bg_image_size":"","ocean_post_title_height":0,"ocean_post_title_bg_overlay":0.5,"ocean_post_title_bg_overlay_color":"","ocean_disable_breadcrumbs":"default","ocean_breadcrumbs_color":"","ocean_breadcrumbs_separator_color":"","ocean_breadcrumbs_links_color":"","ocean_breadcrumbs_links_hover_color":"","ocean_display_footer_widgets":"off","ocean_display_footer_bottom":"off","ocean_custom_footer_template":"0","footnotes":""},"yoast_head":"<!-- This site is optimized with the Yoast SEO plugin v22.6 - https:\/\/yoast.com\/wordpress\/plugins\/seo\/ -->\n<title>P\u0159\u00edprava pizzy - PIZZA automat ve m\u011bst\u011b P\u00edsek<\/title>\n<meta name=\"robots\" content=\"index, follow, max-snippet:-1, max-image-preview:large, max-video-preview:-1\" \/>\n<link rel=\"canonical\" href=\"https:\/\/fizza.cz\/en\/priprava-pizzy\/\" \/>\n<meta property=\"og:locale\" content=\"en_GB\" \/>\n<meta property=\"og:type\" content=\"article\" \/>\n<meta property=\"og:title\" content=\"P\u0159\u00edprava pizzy - PIZZA automat ve m\u011bst\u011b P\u00edsek\" \/>\n<meta property=\"og:url\" content=\"https:\/\/fizza.cz\/en\/priprava-pizzy\/\" \/>\n<meta property=\"og:site_name\" content=\"PIZZA automat ve m\u011bst\u011b P\u00edsek\" \/>\n<meta property=\"article:modified_time\" content=\"2022-03-29T20:44:20+00:00\" \/>\n<meta property=\"og:image\" content=\"https:\/\/fizza.cz\/wp-content\/uploads\/elementor\/thumbs\/AdobeStock_266911783-1-scaled-pmjrbelz80xe5tofgbho1gbss4he8mzz7itq8hr928.jpeg\" \/>\n<meta name=\"twitter:card\" content=\"summary_large_image\" \/>\n<script type=\"application\/ld+json\" class=\"yoast-schema-graph\">{\"@context\":\"https:\/\/schema.org\",\"@graph\":[{\"@type\":\"WebPage\",\"@id\":\"https:\/\/fizza.cz\/priprava-pizzy\/\",\"url\":\"https:\/\/fizza.cz\/priprava-pizzy\/\",\"name\":\"P\u0159\u00edprava pizzy - PIZZA automat ve m\u011bst\u011b P\u00edsek\",\"isPartOf\":{\"@id\":\"https:\/\/fizza.cz\/#website\"},\"primaryImageOfPage\":{\"@id\":\"https:\/\/fizza.cz\/priprava-pizzy\/#primaryimage\"},\"image\":{\"@id\":\"https:\/\/fizza.cz\/priprava-pizzy\/#primaryimage\"},\"thumbnailUrl\":\"https:\/\/fizza.cz\/wp-content\/uploads\/elementor\/thumbs\/AdobeStock_266911783-1-scaled-pmjrbelz80xe5tofgbho1gbss4he8mzz7itq8hr928.jpeg\",\"datePublished\":\"2022-03-26T20:16:16+00:00\",\"dateModified\":\"2022-03-29T20:44:20+00:00\",\"breadcrumb\":{\"@id\":\"https:\/\/fizza.cz\/priprava-pizzy\/#breadcrumb\"},\"inLanguage\":\"en-GB\",\"potentialAction\":[{\"@type\":\"ReadAction\",\"target\":[\"https:\/\/fizza.cz\/priprava-pizzy\/\"]}]},{\"@type\":\"ImageObject\",\"inLanguage\":\"en-GB\",\"@id\":\"https:\/\/fizza.cz\/priprava-pizzy\/#primaryimage\",\"url\":\"https:\/\/fizza.cz\/wp-content\/uploads\/elementor\/thumbs\/AdobeStock_266911783-1-scaled-pmjrbelz80xe5tofgbho1gbss4he8mzz7itq8hr928.jpeg\",\"contentUrl\":\"https:\/\/fizza.cz\/wp-content\/uploads\/elementor\/thumbs\/AdobeStock_266911783-1-scaled-pmjrbelz80xe5tofgbho1gbss4he8mzz7itq8hr928.jpeg\"},{\"@type\":\"BreadcrumbList\",\"@id\":\"https:\/\/fizza.cz\/priprava-pizzy\/#breadcrumb\",\"itemListElement\":[{\"@type\":\"ListItem\",\"position\":1,\"name\":\"Dom\u016f\",\"item\":\"https:\/\/fizza.cz\/\"},{\"@type\":\"ListItem\",\"position\":2,\"name\":\"P\u0159\u00edprava pizzy\"}]},{\"@type\":\"WebSite\",\"@id\":\"https:\/\/fizza.cz\/#website\",\"url\":\"https:\/\/fizza.cz\/\",\"name\":\"PIZZA automat ve m\u011bst\u011b P\u00edsek\",\"description\":\"Automat na pizzu, \u010derstv\u00e1 pizza 24\/7, \u010derstv\u00e1 pizza, pe\u010deme nonstop\",\"publisher\":{\"@id\":\"https:\/\/fizza.cz\/#organization\"},\"potentialAction\":[{\"@type\":\"SearchAction\",\"target\":{\"@type\":\"EntryPoint\",\"urlTemplate\":\"https:\/\/fizza.cz\/?s={search_term_string}\"},\"query-input\":\"required name=search_term_string\"}],\"inLanguage\":\"en-GB\"},{\"@type\":\"Organization\",\"@id\":\"https:\/\/fizza.cz\/#organization\",\"name\":\"Fizza.cz\",\"url\":\"https:\/\/fizza.cz\/\",\"logo\":{\"@type\":\"ImageObject\",\"inLanguage\":\"en-GB\",\"@id\":\"https:\/\/fizza.cz\/#\/schema\/logo\/image\/\",\"url\":\"https:\/\/fizza.cz\/wp-content\/uploads\/2022\/03\/cropped-Fizza-logo-Design-01.png\",\"contentUrl\":\"https:\/\/fizza.cz\/wp-content\/uploads\/2022\/03\/cropped-Fizza-logo-Design-01.png\",\"width\":751,\"height\":206,\"caption\":\"Fizza.cz\"},\"image\":{\"@id\":\"https:\/\/fizza.cz\/#\/schema\/logo\/image\/\"}}]}<\/script>\n<!-- \/ Yoast SEO plugin. -->","yoast_head_json":{"title":"P\u0159\u00edprava pizzy - PIZZA automat ve m\u011bst\u011b P\u00edsek","robots":{"index":"index","follow":"follow","max-snippet":"max-snippet:-1","max-image-preview":"max-image-preview:large","max-video-preview":"max-video-preview:-1"},"canonical":"https:\/\/fizza.cz\/en\/priprava-pizzy\/","og_locale":"en_GB","og_type":"article","og_title":"P\u0159\u00edprava pizzy - PIZZA automat ve m\u011bst\u011b P\u00edsek","og_url":"https:\/\/fizza.cz\/en\/priprava-pizzy\/","og_site_name":"PIZZA automat ve m\u011bst\u011b P\u00edsek","article_modified_time":"2022-03-29T20:44:20+00:00","og_image":[{"url":"https:\/\/fizza.cz\/wp-content\/uploads\/elementor\/thumbs\/AdobeStock_266911783-1-scaled-pmjrbelz80xe5tofgbho1gbss4he8mzz7itq8hr928.jpeg"}],"twitter_card":"summary_large_image","schema":{"@context":"https:\/\/schema.org","@graph":[{"@type":"WebPage","@id":"https:\/\/fizza.cz\/priprava-pizzy\/","url":"https:\/\/fizza.cz\/priprava-pizzy\/","name":"P\u0159\u00edprava pizzy - PIZZA automat ve m\u011bst\u011b P\u00edsek","isPartOf":{"@id":"https:\/\/fizza.cz\/#website"},"primaryImageOfPage":{"@id":"https:\/\/fizza.cz\/priprava-pizzy\/#primaryimage"},"image":{"@id":"https:\/\/fizza.cz\/priprava-pizzy\/#primaryimage"},"thumbnailUrl":"https:\/\/fizza.cz\/wp-content\/uploads\/elementor\/thumbs\/AdobeStock_266911783-1-scaled-pmjrbelz80xe5tofgbho1gbss4he8mzz7itq8hr928.jpeg","datePublished":"2022-03-26T20:16:16+00:00","dateModified":"2022-03-29T20:44:20+00:00","breadcrumb":{"@id":"https:\/\/fizza.cz\/priprava-pizzy\/#breadcrumb"},"inLanguage":"en-GB","potentialAction":[{"@type":"ReadAction","target":["https:\/\/fizza.cz\/priprava-pizzy\/"]}]},{"@type":"ImageObject","inLanguage":"en-GB","@id":"https:\/\/fizza.cz\/priprava-pizzy\/#primaryimage","url":"https:\/\/fizza.cz\/wp-content\/uploads\/elementor\/thumbs\/AdobeStock_266911783-1-scaled-pmjrbelz80xe5tofgbho1gbss4he8mzz7itq8hr928.jpeg","contentUrl":"https:\/\/fizza.cz\/wp-content\/uploads\/elementor\/thumbs\/AdobeStock_266911783-1-scaled-pmjrbelz80xe5tofgbho1gbss4he8mzz7itq8hr928.jpeg"},{"@type":"BreadcrumbList","@id":"https:\/\/fizza.cz\/priprava-pizzy\/#breadcrumb","itemListElement":[{"@type":"ListItem","position":1,"name":"Dom\u016f","item":"https:\/\/fizza.cz\/"},{"@type":"ListItem","position":2,"name":"P\u0159\u00edprava pizzy"}]},{"@type":"WebSite","@id":"https:\/\/fizza.cz\/#website","url":"https:\/\/fizza.cz\/","name":"PIZZA automat ve m\u011bst\u011b P\u00edsek","description":"Automat na pizzu, \u010derstv\u00e1 pizza 24\/7, \u010derstv\u00e1 pizza, pe\u010deme nonstop","publisher":{"@id":"https:\/\/fizza.cz\/#organization"},"potentialAction":[{"@type":"SearchAction","target":{"@type":"EntryPoint","urlTemplate":"https:\/\/fizza.cz\/?s={search_term_string}"},"query-input":"required name=search_term_string"}],"inLanguage":"en-GB"},{"@type":"Organization","@id":"https:\/\/fizza.cz\/#organization","name":"Fizza.cz","url":"https:\/\/fizza.cz\/","logo":{"@type":"ImageObject","inLanguage":"en-GB","@id":"https:\/\/fizza.cz\/#\/schema\/logo\/image\/","url":"https:\/\/fizza.cz\/wp-content\/uploads\/2022\/03\/cropped-Fizza-logo-Design-01.png","contentUrl":"https:\/\/fizza.cz\/wp-content\/uploads\/2022\/03\/cropped-Fizza-logo-Design-01.png","width":751,"height":206,"caption":"Fizza.cz"},"image":{"@id":"https:\/\/fizza.cz\/#\/schema\/logo\/image\/"}}]}},"_links":{"self":[{"href":"https:\/\/fizza.cz\/en\/wp-json\/wp\/v2\/pages\/10"}],"collection":[{"href":"https:\/\/fizza.cz\/en\/wp-json\/wp\/v2\/pages"}],"about":[{"href":"https:\/\/fizza.cz\/en\/wp-json\/wp\/v2\/types\/page"}],"author":[{"embeddable":true,"href":"https:\/\/fizza.cz\/en\/wp-json\/wp\/v2\/users\/1"}],"replies":[{"embeddable":true,"href":"https:\/\/fizza.cz\/en\/wp-json\/wp\/v2\/comments?post=10"}],"version-history":[{"count":79,"href":"https:\/\/fizza.cz\/en\/wp-json\/wp\/v2\/pages\/10\/revisions"}],"predecessor-version":[{"id":602,"href":"https:\/\/fizza.cz\/en\/wp-json\/wp\/v2\/pages\/10\/revisions\/602"}],"wp:attachment":[{"href":"https:\/\/fizza.cz\/en\/wp-json\/wp\/v2\/media?parent=10"}],"curies":[{"name":"wp","href":"https:\/\/api.w.org\/{rel}","templated":true}]}}